{"id":76,"date":"2018-09-04T13:16:55","date_gmt":"2018-09-04T13:16:55","guid":{"rendered":"https:\/\/congreso2018.feyalegria.org\/english\/?page_id=76"},"modified":"2019-05-06T11:11:49","modified_gmt":"2019-05-06T09:11:49","slug":"blog","status":"publish","type":"page","link":"https:\/\/congreso2018.feyalegria.org\/english\/blog\/","title":{"rendered":"Post-Congress Literature"},"content":{"rendered":"","protected":false},"excerpt":{"rendered":"","protected":false},"author":1,"featured_media":0,"parent":0,"menu_order":0,"comment_status":"closed","ping_status":"closed","template":"template-noticias.php","meta":{"footnotes":""},"yoast_head":"<!-- This site is optimized with the Yoast SEO plugin v21.6 - https:\/\/yoast.com\/wordpress\/plugins\/seo\/ -->\n<title>Post-Congress Literature - XLVII Federaci\u00f3n Internacional de Fe y Alegr\u00eda Congress<\/title>\n<meta name=\"description\" content=\"Fe y Alegr\u00eda, movimiento global. Educamos en las fronteras. 28 de septiembre - 1 de octubre.\" \/>\n<meta name=\"robots\" content=\"index, follow, max-snippet:-1, max-image-preview:large, max-video-preview:-1\" \/>\n<link rel=\"canonical\" href=\"https:\/\/congreso2018.feyalegria.org\/english\/blog\/\" \/>\n<meta property=\"og:locale\" content=\"es_ES\" \/>\n<meta property=\"og:type\" content=\"article\" \/>\n<meta property=\"og:title\" content=\"Post-Congress Literature - XLVII Federaci\u00f3n Internacional de Fe y Alegr\u00eda Congress\" \/>\n<meta property=\"og:description\" content=\"Fe y Alegr\u00eda, movimiento global. Educamos en las fronteras. 28 de septiembre - 1 de octubre.\" \/>\n<meta property=\"og:url\" content=\"https:\/\/congreso2018.feyalegria.org\/english\/blog\/\" \/>\n<meta property=\"og:site_name\" content=\"XLVII Federaci\u00f3n Internacional de Fe y Alegr\u00eda Congress\" \/>\n<meta property=\"article:publisher\" content=\"https:\/\/www.facebook.com\/FeyAlegriaFI\" \/>\n<meta property=\"article:modified_time\" content=\"2019-05-06T09:11:49+00:00\" \/>\n<meta name=\"twitter:card\" content=\"summary_large_image\" \/>\n<meta name=\"twitter:site\" content=\"@feyalegriaFI\" \/>\n<script type=\"application\/ld+json\" class=\"yoast-schema-graph\">{\"@context\":\"https:\/\/schema.org\",\"@graph\":[{\"@type\":\"WebPage\",\"@id\":\"https:\/\/congreso2018.feyalegria.org\/english\/blog\/\",\"url\":\"https:\/\/congreso2018.feyalegria.org\/english\/blog\/\",\"name\":\"Post-Congress Literature - XLVII Federaci\u00f3n Internacional de Fe y Alegr\u00eda Congress\",\"isPartOf\":{\"@id\":\"https:\/\/congreso2018.feyalegria.org\/english\/#website\"},\"datePublished\":\"2018-09-04T13:16:55+00:00\",\"dateModified\":\"2019-05-06T09:11:49+00:00\",\"description\":\"Fe y Alegr\u00eda, movimiento global. Educamos en las fronteras. 28 de septiembre - 1 de octubre.\",\"breadcrumb\":{\"@id\":\"https:\/\/congreso2018.feyalegria.org\/english\/blog\/#breadcrumb\"},\"inLanguage\":\"es\",\"potentialAction\":[{\"@type\":\"ReadAction\",\"target\":[\"https:\/\/congreso2018.feyalegria.org\/english\/blog\/\"]}]},{\"@type\":\"BreadcrumbList\",\"@id\":\"https:\/\/congreso2018.feyalegria.org\/english\/blog\/#breadcrumb\",\"itemListElement\":[{\"@type\":\"ListItem\",\"position\":1,\"name\":\"Portada\",\"item\":\"https:\/\/congreso2018.feyalegria.org\/english\/\"},{\"@type\":\"ListItem\",\"position\":2,\"name\":\"Post-Congress Literature\"}]},{\"@type\":\"WebSite\",\"@id\":\"https:\/\/congreso2018.feyalegria.org\/english\/#website\",\"url\":\"https:\/\/congreso2018.feyalegria.org\/english\/\",\"name\":\"XLVII Federaci\u00f3n Internacional de Fe y Alegr\u00eda Congress\",\"description\":\"Fe y Alegr\u00eda, a global movement. We educate on the Frontiers. September 28th - October 1st.\",\"potentialAction\":[{\"@type\":\"SearchAction\",\"target\":{\"@type\":\"EntryPoint\",\"urlTemplate\":\"https:\/\/congreso2018.feyalegria.org\/english\/?s={search_term_string}\"},\"query-input\":\"required name=search_term_string\"}],\"inLanguage\":\"es\"}]}<\/script>\n<!-- \/ Yoast SEO plugin. -->","yoast_head_json":{"title":"Post-Congress Literature - XLVII Federaci\u00f3n Internacional de Fe y Alegr\u00eda Congress","description":"Fe y Alegr\u00eda, movimiento global. Educamos en las fronteras. 28 de septiembre - 1 de octubre.","robots":{"index":"index","follow":"follow","max-snippet":"max-snippet:-1","max-image-preview":"max-image-preview:large","max-video-preview":"max-video-preview:-1"},"canonical":"https:\/\/congreso2018.feyalegria.org\/english\/blog\/","og_locale":"es_ES","og_type":"article","og_title":"Post-Congress Literature - XLVII Federaci\u00f3n Internacional de Fe y Alegr\u00eda Congress","og_description":"Fe y Alegr\u00eda, movimiento global. Educamos en las fronteras. 28 de septiembre - 1 de octubre.","og_url":"https:\/\/congreso2018.feyalegria.org\/english\/blog\/","og_site_name":"XLVII Federaci\u00f3n Internacional de Fe y Alegr\u00eda Congress","article_publisher":"https:\/\/www.facebook.com\/FeyAlegriaFI","article_modified_time":"2019-05-06T09:11:49+00:00","twitter_card":"summary_large_image","twitter_site":"@feyalegriaFI","schema":{"@context":"https:\/\/schema.org","@graph":[{"@type":"WebPage","@id":"https:\/\/congreso2018.feyalegria.org\/english\/blog\/","url":"https:\/\/congreso2018.feyalegria.org\/english\/blog\/","name":"Post-Congress Literature - XLVII Federaci\u00f3n Internacional de Fe y Alegr\u00eda Congress","isPartOf":{"@id":"https:\/\/congreso2018.feyalegria.org\/english\/#website"},"datePublished":"2018-09-04T13:16:55+00:00","dateModified":"2019-05-06T09:11:49+00:00","description":"Fe y Alegr\u00eda, movimiento global. Educamos en las fronteras. 28 de septiembre - 1 de octubre.","breadcrumb":{"@id":"https:\/\/congreso2018.feyalegria.org\/english\/blog\/#breadcrumb"},"inLanguage":"es","potentialAction":[{"@type":"ReadAction","target":["https:\/\/congreso2018.feyalegria.org\/english\/blog\/"]}]},{"@type":"BreadcrumbList","@id":"https:\/\/congreso2018.feyalegria.org\/english\/blog\/#breadcrumb","itemListElement":[{"@type":"ListItem","position":1,"name":"Portada","item":"https:\/\/congreso2018.feyalegria.org\/english\/"},{"@type":"ListItem","position":2,"name":"Post-Congress Literature"}]},{"@type":"WebSite","@id":"https:\/\/congreso2018.feyalegria.org\/english\/#website","url":"https:\/\/congreso2018.feyalegria.org\/english\/","name":"XLVII Federaci\u00f3n Internacional de Fe y Alegr\u00eda Congress","description":"Fe y Alegr\u00eda, a global movement. We educate on the Frontiers. September 28th - October 1st.","potentialAction":[{"@type":"SearchAction","target":{"@type":"EntryPoint","urlTemplate":"https:\/\/congreso2018.feyalegria.org\/english\/?s={search_term_string}"},"query-input":"required name=search_term_string"}],"inLanguage":"es"}]}},"_links":{"self":[{"href":"https:\/\/congreso2018.feyalegria.org\/english\/wp-json\/wp\/v2\/pages\/76"}],"collection":[{"href":"https:\/\/congreso2018.feyalegria.org\/english\/wp-json\/wp\/v2\/pages"}],"about":[{"href":"https:\/\/congreso2018.feyalegria.org\/english\/wp-json\/wp\/v2\/types\/page"}],"author":[{"embeddable":true,"href":"https:\/\/congreso2018.feyalegria.org\/english\/wp-json\/wp\/v2\/users\/1"}],"replies":[{"embeddable":true,"href":"https:\/\/congreso2018.feyalegria.org\/english\/wp-json\/wp\/v2\/comments?post=76"}],"version-history":[{"count":0,"href":"https:\/\/congreso2018.feyalegria.org\/english\/wp-json\/wp\/v2\/pages\/76\/revisions"}],"wp:attachment":[{"href":"https:\/\/congreso2018.feyalegria.org\/english\/wp-json\/wp\/v2\/media?parent=76"}],"curies":[{"name":"wp","href":"https:\/\/api.w.org\/{rel}","templated":true}]}}